{"id":69,"date":"2020-01-27T08:05:29","date_gmt":"2020-01-27T08:05:29","guid":{"rendered":"https:\/\/demosites.io\/web-agency-gb\/?page_id=69"},"modified":"2022-10-02T14:11:00","modified_gmt":"2022-10-02T17:11:00","slug":"15c42-web-agency-gb-portfolio","status":"publish","type":"page","link":"https:\/\/amoremarte.com.br\/?page_id=69","title":{"rendered":"Portf\u00f3lio"},"content":{"rendered":"\n\n\n<h1 style=\"aspect-ratio:unset;\" class=\"wp-block-heading is-layout-flow wp-block-group-is-layout-flow wp-block-cover-is-layout-flow\">Portf\u00f3lio<\/h1>\n\n\n\n\n\n\n\n\n\n\n<figure style=\"aspect-ratio:unset;\" class=\"is-layout-flow wp-block-column-is-layout-flow is-layout-flex wp-container-core-columns-is-layout-9d6595d7 wp-block-columns-is-layout-flex wp-block-group-is-layout-flow wp-block-cover-is-layout-flow\"><img decoding=\"async\" src=\"https:\/\/amoremarte.com.br\/wp-content\/uploads\/2022\/09\/Jogo-De-6-Canecas-Grande-300ml-Xicara-Porcelana-Branca-300x283.jpg\" alt=\"\" \/><\/figure>\n\n\n<h3 class=\"wp-block-heading\">Linha para sublima\u00e7\u00e3o em cer\u00e2mica<\/h3>\n\n\n<p>Linha de sublima\u00e7\u00e3o \u00e9 voltado para presentes personalizados em cer\u00e2micas como canecas, x\u00edcaras, canecas coloridas ou com glitter, solicite o cat\u00e1logo para conhecer toda linha completa.<\/p>\n\n\n\n\n\n<figure class=\"is-layout-flow wp-block-column-is-layout-flow is-layout-flex wp-container-core-columns-is-layout-9d6595d7 wp-block-columns-is-layout-flex\"><img loading=\"lazy\" decoding=\"async\" src=\"https:\/\/amoremarte.com.br\/wp-content\/uploads\/2022\/09\/15-Estampas-Prontas-Sublimacao-Chinelo-Feminina-Desenho-R-4999-1.jpg\" alt=\"\" width=\"264\" height=\"320\" \/><\/figure>\n\n\n\n\n\n<h2 class=\"wp-block-heading\" style=\"font-size: 29px;\">Linha de sublima\u00e7\u00e3o em chinelo<\/h2>\n\n\n<p>Linha de sublima\u00e7\u00e3o \u00e9 voltado para presentes personalizados em chinelos em diversos tamanhos e cores, solicite o cat\u00e1logo para conhecer toda linha completa.<\/p>\n\n\n\n\n<figure class=\"is-layout-flow wp-block-column-is-layout-flow\"><img decoding=\"async\" src=\"https:\/\/amoremarte.com.br\/wp-content\/uploads\/2022\/09\/Canecas-de-polimeros.jpg\" alt=\"\" \/><\/figure>\n\n\n<h3 class=\"wp-block-heading\">Linha para sublima\u00e7\u00e3o em pol\u00edmero<\/h3>\n\n\n<p>Linha de sublima\u00e7\u00e3o \u00e9 voltado para presentes personalizados em pol\u00edmeros como canecas, squeezes, canecas coloridas ou com al\u00e7as diferenciadas, solicite o cat\u00e1logo para conhecer toda linha completa.<\/p>\n\n\n\n\n\n\n\n<figure><img loading=\"lazy\" decoding=\"async\" title=\"Linha de sublima\u00e7\u00e3o em vidro\" src=\"https:\/\/amoremarte.com.br\/wp-content\/uploads\/2022\/09\/montagem-branco-e-transparente-510x285-2-300x168.jpg\" alt=\"Linha de sublima\u00e7\u00e3o \u00e9 voltado para presentes personalizados em cer\u00e2micas como canecas, x\u00edcaras, canecas coloridas ou com glitter, solicite o cat\u00e1logo para conhecer toda linha completa.\" width=\"355\" height=\"199\" \/><\/figure>\n\n\n\n\n<h2 class=\"wp-block-heading is-layout-flow wp-block-column-is-layout-flow is-layout-flex wp-container-core-columns-is-layout-9d6595d7 wp-block-columns-is-layout-flex\" style=\"font-size: 28px;\">Linha para sublima\u00e7\u00e3o em vidro<\/h2>\n\n\n<p>Linha de sublima\u00e7\u00e3o \u00e9 voltado para presentes personalizados em vidro como canecas, x\u00edcaras, copos de cerveja, canecas de chopp, solicite o cat\u00e1logo para conhecer toda linha completa.<\/p>\n\n\n<figure><img decoding=\"async\" src=\"https:\/\/amoremarte.com.br\/wp-content\/uploads\/2022\/09\/Baby-Look-Meninas-Super-Poderosas-Docinho-300x286.jpg\" alt=\"\" \/><\/figure>\n\n\n<h2 class=\"wp-block-heading\" style=\"font-size: 28px;\">Linha para sublima\u00e7\u00e3o em camiseta<\/h2>\n\n\n<p>Linha de sublima\u00e7\u00e3o \u00e9 voltado para presentes personalizados em camisetas em poli\u00e9ster no segmento masculino, feminino (baby look) e infantil (body), em diversos tamanhos e cores, solicite o cat\u00e1logo para conhecer toda linha completa.<\/p>\n\n\n\n\n<figure class=\"is-layout-flow wp-block-column-is-layout-flow\"><img loading=\"lazy\" decoding=\"async\" src=\"https:\/\/amoremarte.com.br\/wp-content\/uploads\/2022\/09\/Caneca-de-Aco-Inox-para-Sublimacao-com-Alca-Mosquetao-400ml-300x300.png\" alt=\"\" width=\"300\" height=\"300\" \/><\/figure>\n\n\n<h2 class=\"wp-block-heading\" style=\"font-size: 29px;\">Linha para sublima\u00e7\u00e3o em alum\u00ednio<\/h2>\n\n\n<p>Linha de sublima\u00e7\u00e3o \u00e9 voltado para presentes personalizados em alum\u00ednio como canecas em diversos formatos, canecas com mosquet\u00e3o, squeezes, solicite o cat\u00e1logo para conhecer toda linha completa.<\/p>\n\n\n\n\n\n\n\n\n\n\n\n<figure style=\"aspect-ratio:unset;\" class=\"is-layout-flow wp-block-column-is-layout-flow is-layout-flex wp-container-core-columns-is-layout-9d6595d7 wp-block-columns-is-layout-flex wp-block-group-is-layout-flow wp-block-cover-is-layout-flow\"><img decoding=\"async\" src=\"https:\/\/amoremarte.com.br\/wp-content\/uploads\/2022\/09\/copo-long-drink.jpg\" alt=\"\" \/><\/figure>\n\n\n<h3 class=\"wp-block-heading\">Linha de transfer em pol\u00edmero<\/h3>\n\n\n<p>Linha de transfer \u00e9 voltado para brindes personalizados em pol\u00edmeros como long drink, canecas de chopp, squeezes, copos t\u00e9rmico, ta\u00e7as, solicite o cat\u00e1logo para conhecer toda linha completa.<\/p>\n\n\n\n\n\n\n\n\n<figure class=\"is-layout-flow wp-block-column-is-layout-flow\"><img decoding=\"async\" src=\"https:\/\/amoremarte.com.br\/wp-content\/uploads\/2022\/09\/taca-floripa-degrade-jateada.jpg\" alt=\"\" \/><\/figure>\n\n\n<h3 class=\"wp-block-heading\">Linha de transfer em vidro<\/h3>\n\n\n<p>Linha de transfer \u00e9 voltado para brindes personalizados em vidros como canecas de chopp, squeezes, copos t\u00e9rmicos, ta\u00e7as, copos de cerveja, solicite o cat\u00e1logo para conhecer toda linha completa.<\/p>\n\n\n\n\n\n\n\n\n\n\n\n\n\n\n<p class=\"is-layout-flow wp-block-cover-is-layout-flow\" style=\"font-size: 14px;aspect-ratio:unset;\">\u00a0<\/p>\n\n\n","protected":false},"excerpt":{"rendered":"","protected":false},"author":1,"featured_media":0,"parent":0,"menu_order":0,"comment_status":"closed","ping_status":"closed","template":"","meta":{"neve_meta_sidebar":"full-width","neve_meta_container":"","neve_meta_enable_content_width":"on","neve_meta_content_width":100,"neve_meta_title_alignment":"","neve_meta_author_avatar":"","neve_post_elements_order":"","neve_meta_disable_header":"","neve_meta_disable_footer":"","neve_meta_disable_title":"on","_ti_tpc_template_sync":false,"_ti_tpc_template_id":"t3x60x1arljpehhy6mr6","footnotes":""},"class_list":["post-69","page","type-page","status-publish","hentry"],"_links":{"self":[{"href":"https:\/\/amoremarte.com.br\/index.php?rest_route=\/wp\/v2\/pages\/69","targetHints":{"allow":["GET"]}}],"collection":[{"href":"https:\/\/amoremarte.com.br\/index.php?rest_route=\/wp\/v2\/pages"}],"about":[{"href":"https:\/\/amoremarte.com.br\/index.php?rest_route=\/wp\/v2\/types\/page"}],"author":[{"embeddable":true,"href":"https:\/\/amoremarte.com.br\/index.php?rest_route=\/wp\/v2\/users\/1"}],"replies":[{"embeddable":true,"href":"https:\/\/amoremarte.com.br\/index.php?rest_route=%2Fwp%2Fv2%2Fcomments&post=69"}],"version-history":[{"count":11,"href":"https:\/\/amoremarte.com.br\/index.php?rest_route=\/wp\/v2\/pages\/69\/revisions"}],"predecessor-version":[{"id":553,"href":"https:\/\/amoremarte.com.br\/index.php?rest_route=\/wp\/v2\/pages\/69\/revisions\/553"}],"wp:attachment":[{"href":"https:\/\/amoremarte.com.br\/index.php?rest_route=%2Fwp%2Fv2%2Fmedia&parent=69"}],"curies":[{"name":"wp","href":"https:\/\/api.w.org\/{rel}","templated":true}]}}