{"id":5,"date":"2020-01-13T11:17:52","date_gmt":"2020-01-13T11:17:52","guid":{"rendered":"https:\/\/demosites.io\/web-agency-gb\/?page_id=5"},"modified":"2022-09-29T12:48:16","modified_gmt":"2022-09-29T15:48:16","slug":"15c42-web-agency-gb-home","status":"publish","type":"page","link":"https:\/\/amoremarte.com.br\/","title":{"rendered":"Home"},"content":{"rendered":"\n<div style=\"height:80px\" aria-hidden=\"true\" class=\"wp-block-spacer\"><\/div>\n\n\n\n<div class=\"wp-block-cover alignfull is-light\" style=\"min-height:480px;aspect-ratio:unset;\"><span aria-hidden=\"true\" class=\"wp-block-cover__background has-background-dim-0 has-background-dim\"><\/span><video class=\"wp-block-cover__video-background intrinsic-ignore\" autoplay muted loop playsinline src=\"https:\/\/amoremarte.com.br\/wp-content\/uploads\/2022\/08\/pagina-no-site.mp4\" data-object-fit=\"cover\"><\/video><div class=\"wp-block-cover__inner-container is-layout-flow wp-block-cover-is-layout-flow\">\n<div style=\"height:80px\" aria-hidden=\"true\" class=\"wp-block-spacer\"><\/div>\n\n\n\n<h1 class=\"has-text-align-center has-text-color wp-block-heading\" style=\"color:#c40404\">A mistura que veio para dar certo&#8230;<\/h1>\n\n\n\n<p class=\"has-text-color has-large-font-size\" style=\"color:#0c0680\"><\/p>\n\n\n\n<p class=\"has-text-align-center has-text-color has-large-font-size\" style=\"color:#0c0680\">Junte-se nesta ideia, traga sua arte para n\u00f3s e com nosso<\/p>\n\n\n\n<p class=\"has-text-align-center has-text-color has-large-font-size\" style=\"color:#0c0680\"> amor em satisfazer as expectativas iremos apresentar o melhor<\/p>\n\n\n\n<p class=\"has-text-align-center has-text-color has-large-font-size\" style=\"color:#0c0680\"> em qualidade e resultado em presentes personalizados<\/p>\n\n\n\n<div class=\"wp-block-buttons is-horizontal is-content-justification-center is-layout-flex wp-container-core-buttons-is-layout-499968f5 wp-block-buttons-is-layout-flex\"><\/div>\n\n\n\n<div style=\"height:80px\" aria-hidden=\"true\" class=\"wp-block-spacer\"><\/div>\n\n\n\n<div style=\"height:80px\" aria-hidden=\"true\" class=\"wp-block-spacer\"><\/div>\n<\/div><\/div>\n\n\n\n<div class=\"wp-block-columns is-layout-flex wp-container-core-columns-is-layout-9d6595d7 wp-block-columns-is-layout-flex\">\n<div class=\"wp-block-column is-layout-flow wp-block-column-is-layout-flow\"><\/div>\n<\/div>\n\n\n\n<div style=\"height:80px\" aria-hidden=\"true\" class=\"wp-block-spacer\"><\/div>\n\n\n\n<div class=\"wp-block-cover alignfull\" style=\"min-height:600px;aspect-ratio:unset;\"><span aria-hidden=\"true\" class=\"wp-block-cover__background has-nv-light-bg-background-color has-background-dim-100 has-background-dim\"><\/span><div class=\"wp-block-cover__inner-container is-layout-flow wp-block-cover-is-layout-flow\">\n<div class=\"wp-block-group\"><div class=\"wp-block-group__inner-container is-layout-flow wp-block-group-is-layout-flow\">\n<div style=\"height:80px\" aria-hidden=\"true\" class=\"wp-block-spacer\"><\/div>\n\n\n\n<div class=\"wp-block-columns are-vertically-aligned-center is-layout-flex wp-container-core-columns-is-layout-9d6595d7 wp-block-columns-is-layout-flex\">\n<div class=\"wp-block-column is-vertically-aligned-center is-layout-flow wp-block-column-is-layout-flow\" style=\"flex-basis:50%\">\n<figure class=\"wp-block-image size-full is-resized is-style-rounded\"><img loading=\"lazy\" decoding=\"async\" src=\"https:\/\/amoremarte.com.br\/wp-content\/uploads\/2022\/08\/download.jpg\" alt=\"\" class=\"wp-image-442\" width=\"489\" height=\"306\" srcset=\"https:\/\/amoremarte.com.br\/wp-content\/uploads\/2022\/08\/download.jpg 512w, https:\/\/amoremarte.com.br\/wp-content\/uploads\/2022\/08\/download-300x188.jpg 300w\" sizes=\"auto, (max-width: 489px) 100vw, 489px\" \/><\/figure>\n<\/div>\n\n\n\n<div class=\"wp-block-column is-vertically-aligned-center is-layout-flow wp-block-column-is-layout-flow\" style=\"flex-basis:50%\">\n<div style=\"height:20px\" aria-hidden=\"true\" class=\"wp-block-spacer\"><\/div>\n\n\n\n<h2 class=\"has-text-align-left has-neve-text-color-color has-text-color wp-block-heading\">Eventos<\/h2>\n\n\n\n<p class=\"has-text-align-left has-neve-text-color-color has-text-color\" style=\"font-size:17px\">Torne seus eventos ainda mais \u00fanicos com os presentes personalizados de acordo com a sua escolha, trazendo ainda mais charme e credibilidade perante aos convidados.<\/p>\n\n\n\n<div class=\"wp-block-buttons is-horizontal is-content-justification-left is-layout-flex wp-container-core-buttons-is-layout-7e5fce0a wp-block-buttons-is-layout-flex\"><\/div>\n<\/div>\n<\/div>\n\n\n\n<div style=\"height:40px\" aria-hidden=\"true\" class=\"wp-block-spacer\"><\/div>\n<\/div><\/div>\n<\/div><\/div>\n\n\n\n<div class=\"wp-block-cover alignfull\" style=\"min-height:600px;aspect-ratio:unset;\"><span aria-hidden=\"true\" class=\"wp-block-cover__background has-nv-site-bg-background-color has-background-dim-100 has-background-dim\"><\/span><div class=\"wp-block-cover__inner-container is-layout-flow wp-block-cover-is-layout-flow\">\n<div class=\"wp-block-group\"><div class=\"wp-block-group__inner-container is-layout-flow wp-block-group-is-layout-flow\">\n<div style=\"height:80px\" aria-hidden=\"true\" class=\"wp-block-spacer\"><\/div>\n\n\n\n<div class=\"wp-block-columns are-vertically-aligned-center is-layout-flex wp-container-core-columns-is-layout-9d6595d7 wp-block-columns-is-layout-flex\">\n<div class=\"wp-block-column is-vertically-aligned-center is-layout-flow wp-block-column-is-layout-flow\" style=\"flex-basis:50%\">\n<h2 class=\"has-text-align-left has-neve-text-color-color has-text-color wp-block-heading\">Seu lar<\/h2>\n\n\n\n<p class=\"has-text-align-left has-neve-text-color-color has-text-color\" style=\"font-size:17px\">Torne seu lar um espa\u00e7o de criatividades, personalizando seus momentos tanto no particular quanto em fam\u00edlia, .<\/p>\n\n\n\n<div class=\"wp-block-buttons is-horizontal is-content-justification-left is-layout-flex wp-container-core-buttons-is-layout-7e5fce0a wp-block-buttons-is-layout-flex\"><\/div>\n\n\n\n<div style=\"height:40px\" aria-hidden=\"true\" class=\"wp-block-spacer\"><\/div>\n<\/div>\n\n\n\n<div class=\"wp-block-column is-vertically-aligned-center is-layout-flow wp-block-column-is-layout-flow\" style=\"flex-basis:50%\">\n<figure class=\"wp-block-image size-full is-style-rounded\"><img loading=\"lazy\" decoding=\"async\" width=\"800\" height=\"565\" src=\"https:\/\/amoremarte.com.br\/wp-content\/uploads\/2022\/08\/cafe-com-leite-na-tabela-retro-dentro-do-restaurante-velho-mobilia-vintage-e-salas-acolhedores-da-casa-historica-120050919.jpg\" alt=\"\" class=\"wp-image-445\" srcset=\"https:\/\/amoremarte.com.br\/wp-content\/uploads\/2022\/08\/cafe-com-leite-na-tabela-retro-dentro-do-restaurante-velho-mobilia-vintage-e-salas-acolhedores-da-casa-historica-120050919.jpg 800w, https:\/\/amoremarte.com.br\/wp-content\/uploads\/2022\/08\/cafe-com-leite-na-tabela-retro-dentro-do-restaurante-velho-mobilia-vintage-e-salas-acolhedores-da-casa-historica-120050919-300x212.jpg 300w, https:\/\/amoremarte.com.br\/wp-content\/uploads\/2022\/08\/cafe-com-leite-na-tabela-retro-dentro-do-restaurante-velho-mobilia-vintage-e-salas-acolhedores-da-casa-historica-120050919-768x542.jpg 768w\" sizes=\"auto, (max-width: 800px) 100vw, 800px\" \/><\/figure>\n<\/div>\n<\/div>\n\n\n\n<div style=\"height:40px\" aria-hidden=\"true\" class=\"wp-block-spacer\"><\/div>\n<\/div><\/div>\n<\/div><\/div>\n\n\n\n<div class=\"wp-block-cover alignfull\" style=\"min-height:600px;aspect-ratio:unset;\"><span aria-hidden=\"true\" class=\"wp-block-cover__background has-nv-dark-bg-background-color has-background-dim-100 has-background-dim\"><\/span><div class=\"wp-block-cover__inner-container is-layout-flow wp-block-cover-is-layout-flow\">\n<div class=\"wp-block-group\"><div class=\"wp-block-group__inner-container is-layout-flow wp-block-group-is-layout-flow\">\n<div style=\"height:80px\" aria-hidden=\"true\" class=\"wp-block-spacer\"><\/div>\n\n\n\n<div class=\"wp-block-columns are-vertically-aligned-center is-layout-flex wp-container-core-columns-is-layout-9d6595d7 wp-block-columns-is-layout-flex\">\n<div class=\"wp-block-column is-vertically-aligned-center is-layout-flow wp-block-column-is-layout-flow\" style=\"flex-basis:50%\">\n<figure class=\"wp-block-image size-full is-style-rounded\"><img loading=\"lazy\" decoding=\"async\" width=\"550\" height=\"259\" src=\"https:\/\/amoremarte.com.br\/wp-content\/uploads\/2022\/08\/BLOG-UNIF.jpg\" alt=\"\" class=\"wp-image-446\" srcset=\"https:\/\/amoremarte.com.br\/wp-content\/uploads\/2022\/08\/BLOG-UNIF.jpg 550w, https:\/\/amoremarte.com.br\/wp-content\/uploads\/2022\/08\/BLOG-UNIF-300x141.jpg 300w\" sizes=\"auto, (max-width: 550px) 100vw, 550px\" \/><\/figure>\n<\/div>\n\n\n\n<div class=\"wp-block-column is-vertically-aligned-center is-layout-flow wp-block-column-is-layout-flow\" style=\"flex-basis:50%\">\n<div style=\"height:40px\" aria-hidden=\"true\" class=\"wp-block-spacer\"><\/div>\n\n\n\n<h2 class=\"has-text-align-left has-nv-text-dark-bg-color has-text-color wp-block-heading\">Empresa<\/h2>\n\n\n\n<p class=\"has-text-align-left has-nv-text-dark-bg-color has-text-color\" style=\"font-size:17px\">Padronize sua empresa, escrit\u00f3rio, com\u00e9rcio, atrav\u00e9s de uniformes que contemplam e fortalece sua marca, aumentando a confian\u00e7a com seus clientes.<\/p>\n\n\n\n<div class=\"wp-block-buttons is-horizontal is-content-justification-left is-layout-flex wp-container-core-buttons-is-layout-7e5fce0a wp-block-buttons-is-layout-flex\"><\/div>\n<\/div>\n<\/div>\n\n\n\n<div style=\"height:50px\" aria-hidden=\"true\" class=\"wp-block-spacer\"><\/div>\n<\/div><\/div>\n<\/div><\/div>\n\n\n\n<div class=\"wp-block-cover alignfull\" style=\"min-height:600px;aspect-ratio:unset;\"><span aria-hidden=\"true\" class=\"wp-block-cover__background has-nv-site-bg-background-color has-background-dim-100 has-background-dim\"><\/span><div class=\"wp-block-cover__inner-container is-layout-flow wp-block-cover-is-layout-flow\">\n<div class=\"wp-block-group\"><div class=\"wp-block-group__inner-container is-layout-flow wp-block-group-is-layout-flow\">\n<div style=\"height:80px\" aria-hidden=\"true\" class=\"wp-block-spacer\"><\/div>\n\n\n\n<pre id=\"tw-target-text\" class=\"wp-block-preformatted has-nv-dark-bg-color has-text-color has-large-font-size\"><strong>Trabalho em destaque<\/strong><\/pre>\n\n\n\n<div style=\"height:26px\" aria-hidden=\"true\" class=\"wp-block-spacer\"><\/div>\n\n\n\n<div class=\"wp-block-columns are-vertically-aligned-center is-layout-flex wp-container-core-columns-is-layout-9d6595d7 wp-block-columns-is-layout-flex\">\n<div class=\"wp-block-column is-vertically-aligned-center is-layout-flow wp-block-column-is-layout-flow\" style=\"flex-basis:50%\">\n<figure class=\"wp-block-image size-full is-resized\"><img loading=\"lazy\" decoding=\"async\" src=\"https:\/\/amoremarte.com.br\/wp-content\/uploads\/2022\/09\/Prensa-Termica-Plana-38x38-Camiseta-Chinelo-Uniforme-Capa.jpg\" alt=\"\" class=\"wp-image-453\" width=\"362\" height=\"479\" srcset=\"https:\/\/amoremarte.com.br\/wp-content\/uploads\/2022\/09\/Prensa-Termica-Plana-38x38-Camiseta-Chinelo-Uniforme-Capa.jpg 378w, https:\/\/amoremarte.com.br\/wp-content\/uploads\/2022\/09\/Prensa-Termica-Plana-38x38-Camiseta-Chinelo-Uniforme-Capa-227x300.jpg 227w\" sizes=\"auto, (max-width: 362px) 100vw, 362px\" \/><\/figure>\n\n\n\n<div style=\"height:40px\" aria-hidden=\"true\" class=\"wp-block-spacer\"><\/div>\n<\/div>\n\n\n\n<div class=\"wp-block-column is-vertically-aligned-center is-layout-flow wp-block-column-is-layout-flow\" style=\"flex-basis:50%\">\n<figure class=\"wp-block-image size-full is-resized\"><img loading=\"lazy\" decoding=\"async\" src=\"https:\/\/amoremarte.com.br\/wp-content\/uploads\/2022\/09\/Prensa-Termica-Impressao-Sublimacao-Canecas.jpg\" alt=\"\" class=\"wp-image-454\" width=\"560\" height=\"450\" srcset=\"https:\/\/amoremarte.com.br\/wp-content\/uploads\/2022\/09\/Prensa-Termica-Impressao-Sublimacao-Canecas.jpg 500w, https:\/\/amoremarte.com.br\/wp-content\/uploads\/2022\/09\/Prensa-Termica-Impressao-Sublimacao-Canecas-300x241.jpg 300w\" sizes=\"auto, (max-width: 560px) 100vw, 560px\" \/><\/figure>\n\n\n\n<div style=\"height:40px\" aria-hidden=\"true\" class=\"wp-block-spacer\"><\/div>\n<\/div>\n<\/div>\n\n\n\n<div style=\"height:40px\" aria-hidden=\"true\" class=\"wp-block-spacer\"><\/div>\n<\/div><\/div>\n<\/div><\/div>\n\n\n\n<div class=\"wp-block-cover alignfull\" style=\"min-height:420px;aspect-ratio:unset;\"><span aria-hidden=\"true\" class=\"wp-block-cover__background has-nv-light-bg-background-color has-background-dim-100 has-background-dim\"><\/span><div class=\"wp-block-cover__inner-container is-layout-flow wp-block-cover-is-layout-flow\">\n<div style=\"height:80px\" aria-hidden=\"true\" class=\"wp-block-spacer\"><\/div>\n\n\n\n<div class=\"wp-block-columns is-layout-flex wp-container-core-columns-is-layout-9d6595d7 wp-block-columns-is-layout-flex\">\n<div class=\"wp-block-column ticss-4ce656f1 is-layout-flow wp-block-column-is-layout-flow\">\n<figure class=\"wp-block-image size-thumbnail is-resized is-style-rounded\"><img loading=\"lazy\" decoding=\"async\" src=\"https:\/\/amoremarte.com.br\/wp-content\/uploads\/2022\/09\/286497000_1719647921720257_2840044889688907935_n-150x150.jpg\" alt=\"\" class=\"wp-image-456\" width=\"113\" height=\"113\" srcset=\"https:\/\/amoremarte.com.br\/wp-content\/uploads\/2022\/09\/286497000_1719647921720257_2840044889688907935_n-150x150.jpg 150w, https:\/\/amoremarte.com.br\/wp-content\/uploads\/2022\/09\/286497000_1719647921720257_2840044889688907935_n-300x300.jpg 300w, https:\/\/amoremarte.com.br\/wp-content\/uploads\/2022\/09\/286497000_1719647921720257_2840044889688907935_n.jpg 640w\" sizes=\"auto, (max-width: 113px) 100vw, 113px\" \/><\/figure>\n\n\n\n<p class=\"has-text-align-left has-neve-text-color-color has-text-color\">\u201cAmei o trabalho feito por voc\u00eas, foi de um capricho que s\u00f3&#8230;\u201d<\/p>\n\n\n\n<p class=\"has-neve-text-color-color has-text-color\">JOSIANE GON\u00c7ALVES<\/p>\n\n\n\n<div style=\"height:20px\" aria-hidden=\"true\" class=\"wp-block-spacer\"><\/div>\n<\/div>\n\n\n\n<div class=\"wp-block-column ticss-f6fc7494 is-layout-flow wp-block-column-is-layout-flow\">\n<figure class=\"wp-block-image size-thumbnail is-resized is-style-rounded\"><img loading=\"lazy\" decoding=\"async\" src=\"https:\/\/amoremarte.com.br\/wp-content\/uploads\/2022\/09\/305006802_172435135324193_4153596975674313080_n-150x150.jpg\" alt=\"\" class=\"wp-image-457\" width=\"113\" height=\"113\" srcset=\"https:\/\/amoremarte.com.br\/wp-content\/uploads\/2022\/09\/305006802_172435135324193_4153596975674313080_n-150x150.jpg 150w, https:\/\/amoremarte.com.br\/wp-content\/uploads\/2022\/09\/305006802_172435135324193_4153596975674313080_n-300x300.jpg 300w, https:\/\/amoremarte.com.br\/wp-content\/uploads\/2022\/09\/305006802_172435135324193_4153596975674313080_n.jpg 640w\" sizes=\"auto, (max-width: 113px) 100vw, 113px\" \/><\/figure>\n\n\n\n<p class=\"has-text-align-left has-neve-text-color-color has-text-color\">\u201cPrecisei que confeccionasse o crach\u00e1 da minha empresa, para minha surpresa superou minha expectativa.\u201d<\/p>\n\n\n\n<p class=\"has-neve-text-color-color has-text-color\">CARLOS EDUARDO<\/p>\n\n\n\n<div style=\"height:20px\" aria-hidden=\"true\" class=\"wp-block-spacer\"><\/div>\n<\/div>\n\n\n\n<div class=\"wp-block-column ticss-a5b4df29 is-layout-flow wp-block-column-is-layout-flow\">\n<figure class=\"wp-block-image size-thumbnail is-resized is-style-rounded\"><img loading=\"lazy\" decoding=\"async\" src=\"https:\/\/amoremarte.com.br\/wp-content\/uploads\/2022\/09\/296772227_464176925237285_8270517657330775084_n-150x150.jpg\" alt=\"\" class=\"wp-image-458\" width=\"113\" height=\"113\" srcset=\"https:\/\/amoremarte.com.br\/wp-content\/uploads\/2022\/09\/296772227_464176925237285_8270517657330775084_n-150x150.jpg 150w, https:\/\/amoremarte.com.br\/wp-content\/uploads\/2022\/09\/296772227_464176925237285_8270517657330775084_n-300x300.jpg 300w, https:\/\/amoremarte.com.br\/wp-content\/uploads\/2022\/09\/296772227_464176925237285_8270517657330775084_n.jpg 640w\" sizes=\"auto, (max-width: 113px) 100vw, 113px\" \/><\/figure>\n\n\n\n<p class=\"has-text-align-left has-neve-text-color-color has-text-color\">\u201cQuis eternizar a lembran\u00e7a de meu cachorro em uma caneca, ficou fant\u00e1stico a maneira que colocou as imagens.\u201d<\/p>\n\n\n\n<p class=\"has-neve-text-color-color has-text-color\">LEANDRO COSTA<\/p>\n\n\n\n<div style=\"height:20px\" aria-hidden=\"true\" class=\"wp-block-spacer\"><\/div>\n<\/div>\n<\/div>\n\n\n\n<div style=\"height:30px\" aria-hidden=\"true\" class=\"wp-block-spacer\"><\/div>\n<\/div><\/div>\n\n\n\n<div class=\"wp-block-cover alignfull\" style=\"min-height:300px;aspect-ratio:unset;\"><span aria-hidden=\"true\" class=\"wp-block-cover__background has-nv-dark-bg-background-color has-background-dim-100 has-background-dim\"><\/span><div class=\"wp-block-cover__inner-container is-layout-flow wp-block-cover-is-layout-flow\">\n<div style=\"height:140px\" aria-hidden=\"true\" class=\"wp-block-spacer\"><\/div>\n\n\n\n<h2 class=\"has-text-align-center has-nv-text-dark-bg-color has-text-color wp-block-heading\">VAMOS TRABALHAR JUNTOS EM <\/h2>\n\n\n\n<h2 class=\"has-text-align-center has-nv-text-dark-bg-color has-text-color wp-block-heading\">SEU PR\u00d3XIMO PROJETO?<\/h2>\n\n\n\n<p class=\"has-text-align-center\"><\/p>\n\n\n\n<div class=\"wp-block-buttons is-horizontal is-content-justification-center is-layout-flex wp-container-core-buttons-is-layout-499968f5 wp-block-buttons-is-layout-flex\"><\/div>\n\n\n\n<div style=\"height:140px\" aria-hidden=\"true\" class=\"wp-block-spacer\"><\/div>\n<\/div><\/div>\n","protected":false},"excerpt":{"rendered":"","protected":false},"author":1,"featured_media":0,"parent":0,"menu_order":0,"comment_status":"closed","ping_status":"closed","template":"","meta":{"neve_meta_sidebar":"default","neve_meta_container":"default","neve_meta_enable_content_width":"on","neve_meta_content_width":100,"neve_meta_title_alignment":"","neve_meta_author_avatar":"","neve_post_elements_order":"","neve_meta_disable_header":"","neve_meta_disable_footer":"","neve_meta_disable_title":"on","_ti_tpc_template_sync":false,"_ti_tpc_template_id":"cwhkd9lki581rusuhjti","footnotes":""},"class_list":["post-5","page","type-page","status-publish","hentry"],"_links":{"self":[{"href":"https:\/\/amoremarte.com.br\/index.php?rest_route=\/wp\/v2\/pages\/5","targetHints":{"allow":["GET"]}}],"collection":[{"href":"https:\/\/amoremarte.com.br\/index.php?rest_route=\/wp\/v2\/pages"}],"about":[{"href":"https:\/\/amoremarte.com.br\/index.php?rest_route=\/wp\/v2\/types\/page"}],"author":[{"embeddable":true,"href":"https:\/\/amoremarte.com.br\/index.php?rest_route=\/wp\/v2\/users\/1"}],"replies":[{"embeddable":true,"href":"https:\/\/amoremarte.com.br\/index.php?rest_route=%2Fwp%2Fv2%2Fcomments&post=5"}],"version-history":[{"count":15,"href":"https:\/\/amoremarte.com.br\/index.php?rest_route=\/wp\/v2\/pages\/5\/revisions"}],"predecessor-version":[{"id":526,"href":"https:\/\/amoremarte.com.br\/index.php?rest_route=\/wp\/v2\/pages\/5\/revisions\/526"}],"wp:attachment":[{"href":"https:\/\/amoremarte.com.br\/index.php?rest_route=%2Fwp%2Fv2%2Fmedia&parent=5"}],"curies":[{"name":"wp","href":"https:\/\/api.w.org\/{rel}","templated":true}]}}